{"id":6172,"date":"2021-12-26T16:34:57","date_gmt":"2021-12-26T16:34:57","guid":{"rendered":"https:\/\/semet-global.com\/?page_id=6172"},"modified":"2021-12-30T11:10:26","modified_gmt":"2021-12-30T11:10:26","slug":"locations","status":"publish","type":"page","link":"https:\/\/semet-global.com\/en\/locations\/","title":{"rendered":"Locations"},"content":{"rendered":"<section  class='av_textblock_section av-7zxkmk-3948cf31b9e8628fc32381aa38b2f3d8 '   itemscope=\"itemscope\" itemtype=\"https:\/\/schema.org\/CreativeWork\" ><div class='avia_textblock'  itemprop=\"text\" ><p style=\"text-align: center;\">We employ 120 people at our locations. This enables us to act quickly and flexibly for you, adhering to deadlines and the highest quality:<\/p>\n<\/div><\/section>\n<div  class='hr av-60c74s-de6a114a13e8f78bced7991ee000e642 hr-short  avia-builder-el-1  el_after_av_textblock  el_before_av_one_full  hr-center'><span class='hr-inner '><span class=\"hr-inner-style\"><\/span><\/span><\/div>\n<div  class='flex_column av-49zgy4-7e84430950f383b377861cff3917c5d2 av_one_full  avia-builder-el-2  el_after_av_hr  avia-builder-el-last  first flex_column_div  '     ><div  id=\"av-sc-portfolio-1\"  class=' grid-sort-container isotope   no_margin-container with-excerpt-container grid-total-odd grid-col-3 grid-links-' data-portfolio-id='1'><div data-ajax-id='6170' class=' grid-entry flex_column isotope-item all_sort no_margin post-entry post-entry-6170 grid-entry-overview grid-loop-1 grid-parity-odd  germany_sort locations_sort  av_one_third first default_av_fullwidth '><article class='main_color inner-entry'  itemscope=\"itemscope\" itemtype=\"https:\/\/schema.org\/CreativeWork\" ><a href=\"https:\/\/semet-global.com\/en\/p\/germany\/\" title='Germany'  data-rel='grid-1' class='grid-image avia-hover-fx'> <img decoding=\"async\" width=\"495\" height=\"400\" src=\"https:\/\/semet-global.com\/wp-content\/uploads\/standort-deutschland-495x400.jpg\" class=\"wp-image-6148 avia-img-lazy-loading-not-6148 attachment-portfolio size-portfolio wp-post-image\" alt=\"\" \/><\/a><div class='grid-content'><div class='avia-arrow'><\/div><header class=\"entry-content-header\"><h3 class='grid-entry-title entry-title '  itemprop=\"headline\" ><a href='https:\/\/semet-global.com\/en\/p\/germany\/' title='Germany'>Germany<\/a><\/h3><\/header><div class='grid-entry-excerpt entry-content'  itemprop=\"text\" >Semet Prototypen- & Industrielackierungen GmbH<\/div><\/div><footer class=\"entry-footer\"><\/footer><\/article><\/div><div data-ajax-id='6165' class=' grid-entry flex_column isotope-item all_sort no_margin post-entry post-entry-6165 grid-entry-overview grid-loop-2 grid-parity-even  bosnia_sort locations_sort  av_one_third  default_av_fullwidth '><article class='main_color inner-entry'  itemscope=\"itemscope\" itemtype=\"https:\/\/schema.org\/CreativeWork\" ><a href=\"https:\/\/semet-global.com\/en\/p\/bosnia\/\" title='Bosnia'  data-rel='grid-1' class='grid-image avia-hover-fx'> <img decoding=\"async\" width=\"495\" height=\"400\" src=\"https:\/\/semet-global.com\/wp-content\/uploads\/standort-semet-bosnien-495x400.jpg\" class=\"wp-image-6136 avia-img-lazy-loading-not-6136 attachment-portfolio size-portfolio wp-post-image\" alt=\"\" \/><\/a><div class='grid-content'><div class='avia-arrow'><\/div><header class=\"entry-content-header\"><h3 class='grid-entry-title entry-title '  itemprop=\"headline\" ><a href='https:\/\/semet-global.com\/en\/p\/bosnia\/' title='Bosnia'>Bosnia<\/a><\/h3><\/header><div class='grid-entry-excerpt entry-content'  itemprop=\"text\" >Semet automotive d.o.o.<\/div><\/div><footer class=\"entry-footer\"><\/footer><\/article><\/div><div data-ajax-id='6168' class=' grid-entry flex_column isotope-item all_sort no_margin post-entry post-entry-6168 grid-entry-overview grid-loop-3 grid-parity-odd  post-entry-last  locations_sort turkey_sort  av_one_third  default_av_fullwidth '><article class='main_color inner-entry'  itemscope=\"itemscope\" itemtype=\"https:\/\/schema.org\/CreativeWork\" ><a href=\"https:\/\/semet-global.com\/en\/p\/turkey\/\" title='Turkey'  data-rel='grid-1' class='grid-image avia-hover-fx'> <img decoding=\"async\" width=\"495\" height=\"400\" src=\"https:\/\/semet-global.com\/wp-content\/uploads\/standort-semet-t\u00fcrkei-495x400.png\" class=\"wp-image-6119 avia-img-lazy-loading-not-6119 attachment-portfolio size-portfolio wp-post-image\" alt=\"\" \/><\/a><div class='grid-content'><div class='avia-arrow'><\/div><header class=\"entry-content-header\"><h3 class='grid-entry-title entry-title '  itemprop=\"headline\" ><a href='https:\/\/semet-global.com\/en\/p\/turkey\/' title='Turkey'>Turkey<\/a><\/h3><\/header><div class='grid-entry-excerpt entry-content'  itemprop=\"text\" >MS AUTOMOT\u0130VE SANAYI ve T\u0130CARET LTD.\u015eT\u0130.\r\n<\/div><\/div><footer class=\"entry-footer\"><\/footer><\/article><\/div><\/div><\/div>\n","protected":false},"excerpt":{"rendered":"","protected":false},"author":1,"featured_media":0,"parent":0,"menu_order":0,"comment_status":"open","ping_status":"open","template":"","meta":{"footnotes":""},"class_list":["post-6172","page","type-page","status-publish","hentry"],"_links":{"self":[{"href":"https:\/\/semet-global.com\/en\/wp-json\/wp\/v2\/pages\/6172","targetHints":{"allow":["GET"]}}],"collection":[{"href":"https:\/\/semet-global.com\/en\/wp-json\/wp\/v2\/pages"}],"about":[{"href":"https:\/\/semet-global.com\/en\/wp-json\/wp\/v2\/types\/page"}],"author":[{"embeddable":true,"href":"https:\/\/semet-global.com\/en\/wp-json\/wp\/v2\/users\/1"}],"replies":[{"embeddable":true,"href":"https:\/\/semet-global.com\/en\/wp-json\/wp\/v2\/comments?post=6172"}],"version-history":[{"count":7,"href":"https:\/\/semet-global.com\/en\/wp-json\/wp\/v2\/pages\/6172\/revisions"}],"predecessor-version":[{"id":6391,"href":"https:\/\/semet-global.com\/en\/wp-json\/wp\/v2\/pages\/6172\/revisions\/6391"}],"wp:attachment":[{"href":"https:\/\/semet-global.com\/en\/wp-json\/wp\/v2\/media?parent=6172"}],"curies":[{"name":"wp","href":"https:\/\/api.w.org\/{rel}","templated":true}]}}